{"id":1654,"date":"2025-03-24T15:55:12","date_gmt":"2025-03-24T15:55:12","guid":{"rendered":"https:\/\/www.fivenuo.com\/?page_id=1654"},"modified":"2025-04-21T17:44:35","modified_gmt":"2025-04-21T17:44:35","slug":"politica-de-cookies","status":"publish","type":"page","link":"https:\/\/www.fivenuo.com\/en\/politica-de-cookies\/","title":{"rendered":"Cookies policy"},"content":{"rendered":"<p class=\"translation-block\"><strong>FIVE NUO<\/strong> uses cookies to offer you a better browsing experience tailored to your needs, as well as to protect and improve the Website. Please read this Cookie Policy carefully to learn about Five NUO's responsible use of cookies and the options you have to configure your browser and manage them.<\/p>\n\n\n\n<p><strong>What are cookies?<\/strong><\/p>\n\n\n\n<p>Cookies are small data files generated on the user's computer and allow us to know the frequency of visits, the most selected content and the security elements that may intervene in the control of access to restricted areas, as well as the display of advertising based on criteria predefined by Five NUO and that are activated by cookies served by said entity or by third parties that provide these services on behalf of Five NUO.<\/p>\n\n\n\n<p>As a general rule, there are the following types of cookies:<\/p>\n\n\n\n<ul class=\"wp-block-list\">\n<li><strong>En funci\u00f3n de su caducidad:<\/strong>\n<ul class=\"wp-block-list\">\n<li>Sesi\u00f3n: Caducan al finalizar la sesi\u00f3n; o<\/li>\n\n\n\n<li>Persistencia: No caducan al finalizar la sesi\u00f3n.<\/li>\n<\/ul>\n<\/li>\n\n\n\n<li><strong>En funci\u00f3n de su procedencia:<\/strong>\n<ul class=\"wp-block-list\">\n<li>Propias: Habilitadas por el sitio web por el que navega; o<\/li>\n\n\n\n<li>De terceros: Proceden de otros sitios web.<\/li>\n<\/ul>\n<\/li>\n\n\n\n<li><strong>En funci\u00f3n de su finalidad:<\/strong>\n<ul class=\"wp-block-list\">\n<li>T\u00e9cnicas: permiten la navegaci\u00f3n y utilizaci\u00f3n de diferentes servicios;<\/li>\n\n\n\n<li>Personalizaci\u00f3n: permiten acceder al servicio con caracter\u00edsticas predefinidas;<\/li>\n\n\n\n<li>An\u00e1lisis: permiten el seguimiento y an\u00e1lisis del comportamiento de los usuarios.<\/li>\n\n\n\n<li>Publicitarias: permiten la gesti\u00f3n de espacios publicitarios; o<\/li>\n\n\n\n<li>Publicidad comportamental: permiten la gesti\u00f3n de espacios publicitarios. Almacenan informaci\u00f3n del comportamiento de los usuarios.<\/li>\n<\/ul>\n<\/li>\n<\/ul>\n\n\n\n<p class=\"translation-block\">For more information on this matter, you can consult the Guide on the use of cookies from the Spanish Data Protection Agency (<a href=\"\/\/www.aepd.es\/guias\/guia-cookies.pdf\" target=\"_self\">chrome-extension:\/\/efaidnbmnnnibpcajpcglclefindmkaj\/https:\/\/www.aepd.es\/guias\/guia-cookies.pdf<\/a>).<\/p>\n\n\n\n<p><strong>What type of cookies do we use and for what purposes?<\/strong><\/p>\n\n\n\n<p>The following types of cookies are used on this website for the following purposes:<\/p>\n\n\n\n<p class=\"translation-block\"><strong>Analytical Cookies:<\/strong> Through web analytics, we obtain information regarding the number of users accessing the website, the number of pages viewed, the frequency and repetition of visits, their duration, the browser used, the operator providing the service, the language, the terminal used and the city to which your IP address is assigned. Information that enables a better and more appropriate service by this portal.<\/p>\n\n\n\n<p>The information collected is always anonymous, so no link can be established between it and the individual to whom it refers.<\/p>\n\n\n\n<p>The Five NUO website uses Google Analytics, a web analytics service developed by Google that allows for the measurement and analysis of website navigation. You may see cookies from this service in your browser.\u00a0<\/p>\n\n\n\n<p>According to the previous typology, these are own, session and analysis cookies.<\/p>\n\n\n\n<p>To ensure anonymity, Google will anonymize your information by truncating your IP address before storing it. This means that Google Analytics does not use it to locate or collect personally identifiable information about site visitors. Google may only transfer the information collected by Google Analytics to third parties when legally required to do so. In accordance with the Google Analytics terms of service, Google will not associate your IP address with any other data held by Google.<\/p>\n\n\n\n<p><strong>Who accesses the cookie information?<\/strong><\/p>\n\n\n\n<p>The information stored in cookies is used exclusively by Five NUO.<\/p>\n\n\n\n<p><strong>Can cookies be disabled?<\/strong><\/p>\n\n\n\n<p>Except in the case of analytical cookies, which are the only ones used on this website, the use of cookies has an impact on user privacy since, as a general rule, they allow their content to be linked to the connection IP address and other personal data of the user, such as those provided voluntarily.<\/p>\n\n\n\n<p>By accepting this Privacy and Cookie Policy, the user consents to the generation of cookies for the purposes mentioned above.<\/p>\n\n\n\n<p>Notwithstanding the foregoing, if the user subsequently wishes to delete the cookies stored on their computer that require their consent, they may do so using the tools provided by their browser for this purpose. Depending on your browser, the following links detail the procedure for disabling cookies:<\/p>\n\n\n\n<p><a href=\"https:\/\/tools.google.com\/dlpage\/gaoptout?hl=es\">https:\/\/tools.google.com\/dlpage\/gaoptout?hl=es<\/a><\/p>\n\n\n\n<ul class=\"wp-block-list\">\n<li>Firefox:&nbsp;<a href=\"http:\/\/support.mozilla.org\/es\/kb\/habilitar-y-deshabilitar-cookies-que-los-sitios-we\">http:\/\/support.mozilla.org\/es\/kb\/habilitar-y-deshabilitar-cookies-que-los-sitios-we<\/a><\/li>\n\n\n\n<li>Internet Explorer:&nbsp;<a href=\"http:\/\/windows.microsoft.com\/es-es\/internet-explorer\/delete-manage-cookies\">http:\/\/windows.microsoft.com\/es-es\/internet-explorer\/delete-manage-cookies<\/a><\/li>\n\n\n\n<li>Chrome:&nbsp;<a href=\"http:\/\/support.google.com\/chrome\/bin\/answer.py?hl=es&amp;answer=95647\">http:\/\/support.google.com\/chrome\/bin\/answer.py?hl=es&amp;answer=95647<\/a><\/li>\n\n\n\n<li>Safari:&nbsp;<a href=\"http:\/\/support.apple.com\/kb\/HT1677?viewlocale=es_ES\">http:\/\/support.apple.com\/kb\/HT1677?viewlocale=es_ES<\/a><\/li>\n\n\n\n<li>Opera:&nbsp;<a href=\"http:\/\/help.opera.com\/Windows\/8.54\/es-ES\/cookies.html#privacy-cookie\">http:\/\/help.opera.com\/Windows\/8.54\/es-ES\/cookies.html#privacy-cookie<\/a><\/li>\n<\/ul>\n\n\n\n<p>If the user does not accept cookies or subsequently rejects them, the website's functionality may be impaired.<\/p>\n\n\n\n<p><strong>Changes and updates to the Cookie Policy<\/strong><\/p>\n\n\n\n<p>Five NUO and its group companies may modify this Cookie Policy based on legislative or regulatory requirements, or to adapt it to instructions and recommendations issued by regulators. Therefore, it is recommended that you periodically review this Cookie Policy.<\/p>\n\n\n\n<footer class=\"wp-block-uagb-container Height uagb-block-c84325e4 alignfull uagb-is-root-container\"><div class=\"uagb-container-inner-blocks-wrap\">\n<div class=\"wp-block-columns is-layout-flex wp-container-core-columns-is-layout-28f84493 wp-block-columns-is-layout-flex\">\n<div class=\"wp-block-column is-layout-flow wp-block-column-is-layout-flow\" style=\"flex-basis:100%\">\n<div class=\"wp-block-uagb-image uagb-block-2654508d wp-block-uagb-image--layout-default wp-block-uagb-image--effect-static wp-block-uagb-image--align-none\"><figure class=\"wp-block-uagb-image__figure\"><img decoding=\"async\" srcset=\"https:\/\/www.fivenuo.com\/wp-content\/uploads\/2025\/04\/Logo-Vectorizado-Five-Nuo_Def_Sin-fondo-1024x200.png ,https:\/\/www.fivenuo.com\/wp-content\/uploads\/2025\/04\/Logo-Vectorizado-Five-Nuo_Def_Sin-fondo.png 780w, https:\/\/www.fivenuo.com\/wp-content\/uploads\/2025\/04\/Logo-Vectorizado-Five-Nuo_Def_Sin-fondo-300x58.png 360w\" sizes=\"auto, (max-width: 480px) 150px\" src=\"https:\/\/www.fivenuo.com\/wp-content\/uploads\/2025\/04\/Logo-Vectorizado-Five-Nuo_Def_Sin-fondo-1024x200.png\" alt=\"\" class=\"uag-image-1671\" width=\"200\" height=\"200\" title=\"Logo Vectorizado Five Nuo_Def_Sin fondo\" loading=\"lazy\" role=\"img\"\/><\/figure><\/div>\n\n\n\n<div class=\"wp-block-uagb-icon-list uagb-block-5d260aad\"><div class=\"uagb-icon-list__wrap\">\n<div class=\"wp-block-uagb-icon-list-child uagb-block-a260ed14\"><a target=\"_self\" aria-label=\"List item\" rel=\"noopener noreferrer\" href=\"#\"> <\/a><span class=\"uagb-icon-list__source-wrap\"><svg xmlns=\"https:\/\/www.w3.org\/2000\/svg\" viewbox=\"0 0 448 512\"><path d=\"M416 32H31.9C14.3 32 0 46.5 0 64.3v383.4C0 465.5 14.3 480 31.9 480H416c17.6 0 32-14.5 32-32.3V64.3c0-17.8-14.4-32.3-32-32.3zM135.4 416H69V202.2h66.5V416zm-33.2-243c-21.3 0-38.5-17.3-38.5-38.5S80.9 96 102.2 96c21.2 0 38.5 17.3 38.5 38.5 0 21.3-17.2 38.5-38.5 38.5zm282.1 243h-66.4V312c0-24.8-.5-56.7-34.5-56.7-34.6 0-39.9 27-39.9 54.9V416h-66.4V202.2h63.7v29.2h.9c8.9-16.8 30.6-34.5 62.9-34.5 67.2 0 79.7 44.3 79.7 101.9V416z\"><\/path><\/svg><\/span><\/div>\n<\/div><\/div>\n<\/div>\n<\/div>\n<\/div><\/footer>","protected":false},"excerpt":{"rendered":"<p>FIVE NUO utiliza cookies con el fin de ofrecerle una mejor experiencia de navegaci\u00f3n que se ajuste a sus necesidades, [&hellip;]<\/p>\n","protected":false},"author":1,"featured_media":0,"parent":0,"menu_order":0,"comment_status":"closed","ping_status":"closed","template":"","meta":{"_uag_custom_page_level_css":"","site-sidebar-layout":"default","site-content-layout":"","ast-site-content-layout":"default","site-content-style":"default","site-sidebar-style":"default","ast-global-header-display":"","ast-banner-title-visibility":"","ast-main-header-display":"","ast-hfb-above-header-display":"","ast-hfb-below-header-display":"","ast-hfb-mobile-header-display":"","site-post-title":"","ast-breadcrumbs-content":"","ast-featured-img":"","footer-sml-layout":"","ast-disable-related-posts":"","theme-transparent-header-meta":"","adv-header-id-meta":"","stick-header-meta":"","header-above-stick-meta":"","header-main-stick-meta":"","header-below-stick-meta":"","astra-migrate-meta-layouts":"set","ast-page-background-enabled":"default","ast-page-background-meta":{"desktop":{"background-color":"var(--ast-global-color-4)","background-image":"","background-repeat":"repeat","background-position":"center center","background-size":"auto","background-attachment":"scroll","background-type":"","background-media":"","overlay-type":"","overlay-color":"","overlay-opacity":"","overlay-gradient":""},"tablet":{"background-color":"","background-image":"","background-repeat":"repeat","background-position":"center center","background-size":"auto","background-attachment":"scroll","background-type":"","background-media":"","overlay-type":"","overlay-color":"","overlay-opacity":"","overlay-gradient":""},"mobile":{"background-color":"","background-image":"","background-repeat":"repeat","background-position":"center center","background-size":"auto","background-attachment":"scroll","background-type":"","background-media":"","overlay-type":"","overlay-color":"","overlay-opacity":"","overlay-gradient":""}},"ast-content-background-meta":{"desktop":{"background-color":"var(--ast-global-color-5)","background-image":"","background-repeat":"repeat","background-position":"center center","background-size":"auto","background-attachment":"scroll","background-type":"","background-media":"","overlay-type":"","overlay-color":"","overlay-opacity":"","overlay-gradient":""},"tablet":{"background-color":"var(--ast-global-color-5)","background-image":"","background-repeat":"repeat","background-position":"center center","background-size":"auto","background-attachment":"scroll","background-type":"","background-media":"","overlay-type":"","overlay-color":"","overlay-opacity":"","overlay-gradient":""},"mobile":{"background-color":"var(--ast-global-color-5)","background-image":"","background-repeat":"repeat","background-position":"center center","background-size":"auto","background-attachment":"scroll","background-type":"","background-media":"","overlay-type":"","overlay-color":"","overlay-opacity":"","overlay-gradient":""}},"footnotes":""},"class_list":["post-1654","page","type-page","status-publish","hentry"],"uagb_featured_image_src":{"full":false,"thumbnail":false,"medium":false,"medium_large":false,"large":false,"1536x1536":false,"2048x2048":false,"trp-custom-language-flag":false},"uagb_author_info":{"display_name":"admin","author_link":"https:\/\/www.fivenuo.com\/en\/author\/admin\/"},"uagb_comment_info":0,"uagb_excerpt":"FIVE NUO utiliza cookies con el fin de ofrecerle una mejor experiencia de navegaci\u00f3n que se ajuste a sus necesidades, [&hellip;]","_links":{"self":[{"href":"https:\/\/www.fivenuo.com\/en\/wp-json\/wp\/v2\/pages\/1654","targetHints":{"allow":["GET"]}}],"collection":[{"href":"https:\/\/www.fivenuo.com\/en\/wp-json\/wp\/v2\/pages"}],"about":[{"href":"https:\/\/www.fivenuo.com\/en\/wp-json\/wp\/v2\/types\/page"}],"author":[{"embeddable":true,"href":"https:\/\/www.fivenuo.com\/en\/wp-json\/wp\/v2\/users\/1"}],"replies":[{"embeddable":true,"href":"https:\/\/www.fivenuo.com\/en\/wp-json\/wp\/v2\/comments?post=1654"}],"version-history":[{"count":2,"href":"https:\/\/www.fivenuo.com\/en\/wp-json\/wp\/v2\/pages\/1654\/revisions"}],"predecessor-version":[{"id":1768,"href":"https:\/\/www.fivenuo.com\/en\/wp-json\/wp\/v2\/pages\/1654\/revisions\/1768"}],"wp:attachment":[{"href":"https:\/\/www.fivenuo.com\/en\/wp-json\/wp\/v2\/media?parent=1654"}],"curies":[{"name":"wp","href":"https:\/\/api.w.org\/{rel}","templated":true}]}}