{"id":228,"date":"2025-03-18T15:45:53","date_gmt":"2025-03-18T15:45:53","guid":{"rendered":"https:\/\/www.fivenuo.com\/index.php\/contact\/"},"modified":"2025-06-03T15:34:25","modified_gmt":"2025-06-03T15:34:25","slug":"contacto","status":"publish","type":"page","link":"https:\/\/www.fivenuo.com\/en\/contacto\/","title":{"rendered":"Contact"},"content":{"rendered":"\n<div class=\"wp-block-uagb-container uagb-block-91a1a3a6 alignfull uagb-is-root-container\"><div class=\"uagb-container-inner-blocks-wrap\">\n<div class=\"wp-block-uagb-advanced-heading uagb-block-bacd11a8\"><h1 class=\"uagb-heading-text\">Cont\u00e1ctanos<\/h1><\/div>\n<\/div><\/div>\n\n\n\n<div class=\"wp-block-uagb-container uagb-block-bb0d8871 alignfull uagb-is-root-container\"><div class=\"uagb-container-inner-blocks-wrap\">\n<div class=\"wp-block-uagb-container uagb-block-57120b1b\">\n<div class=\"wp-block-uagb-info-box uagb-block-3c3b8452 uagb-infobox__content-wrap  uagb-infobox-icon-above-title uagb-infobox-image-valign-top\"><div class=\"uagb-ifb-content\"><div class=\"uagb-ifb-title-wrap\"><\/div><div class=\"uagb-ifb-separator\"><\/div><p class=\"uagb-ifb-desc\">Si deseas m\u00e1s informaci\u00f3n sobre nuestros servicios o tienes alguna consulta, no dudes en ponerte en contacto con nosotros a trav\u00e9s de nuestro correo.<\/p><\/div><\/div>\n\n\n\n<div class=\"wp-block-uagb-container uagb-block-c7f05599\">\n<h3 class=\"wp-block-heading\">Direcci\u00f3n<\/h3>\n\n\n<p><div class=\"leaflet-map WPLeafletMap\" style=\"height:250px; width:100%;\"><\/div><script>\nwindow.WPLeafletMapPlugin = window.WPLeafletMapPlugin || [];\nwindow.WPLeafletMapPlugin.push(function WPLeafletMapShortcode() {\/*<script>*\/\nvar baseUrl = atob('aHR0cHM6Ly90aWxlLm9wZW5zdHJlZXRtYXAub3JnL3t6fS97eH0ve3l9LnBuZw==');\nvar base = (!baseUrl && window.MQ) ?\n    window.MQ.mapLayer() : L.tileLayer(baseUrl,\n        L.Util.extend({}, {\n            detectRetina: 0,\n        },\n        {\"subdomains\":\"abc\",\"noWrap\":false,\"maxZoom\":19}        )\n    );\n    var options = L.Util.extend({}, {\n        layers: [base],\n        attributionControl: false\n    },\n    {\"zoomControl\":false,\"scrollWheelZoom\":false,\"doubleClickZoom\":false,\"fitBounds\":false,\"minZoom\":0,\"maxZoom\":19,\"maxBounds\":null,\"attribution\":\"<a href=\\\"http:\\\/\\\/leafletjs.com\\\" title=\\\"Una biblioteca JS para mapas interactivos\\\">Leaflet<\\\/a>; \\u00a9 <a href=\\\"http:\\\/\\\/www.openstreetmap.org\\\/copyright\\\">OpenStreetMap<\\\/a> colaboradores\"},\n    {});\nwindow.WPLeafletMapPlugin.createMap(options).setView([40.526985062349,-2.65869140625],5);});<\/script><br \/>\n<script>\nwindow.WPLeafletMapPlugin = window.WPLeafletMapPlugin || [];\nwindow.WPLeafletMapPlugin.push(function WPLeafletMarkerShortcode() {\/*<script>*\/\nvar map = window.WPLeafletMapPlugin.getCurrentMap();\nvar group = window.WPLeafletMapPlugin.getCurrentGroup();\nvar marker_options = window.WPLeafletMapPlugin.getIconOptions({});\nvar marker = L.marker(\n    [40.468106680025,-3.8039302825928],\n    marker_options\n);\nvar is_image = map.is_image_map;\nif (marker_options.draggable) {\n    marker.on('dragend', function () {\n        var latlng = this.getLatLng();\n        var lat = latlng.lat;\n        var lng = latlng.lng;\n        if (is_image) {\n            console.log('leaflet-marker y=' + lat + ' x=' + lng);\n        } else {\n            console.log('leaflet-marker lat=' + lat + ' lng=' + lng);\n        }\n    });\n}\nmarker.addTo( group );\nmarker.bindPopup(window.WPLeafletMapPlugin.unescape('&lt;br \/&gt;&lt;br&gt;&lt;br&gt;window.WPLeafletMapPlugin = window.WPLeafletMapPlugin || [];&lt;br&gt;window.WPLeafletMapPlugin.push(function WPLeafletMarkerShortcode() {\/**\/&lt;br&gt;var map = window.WPLeafletMapPlugin.getCurrentMap();&lt;br&gt;var group = window.WPLeafletMapPlugin.getCurrentGroup();&lt;br&gt;var marker_options = window.WPLeafletMapPlugin.getIconOptions({});&lt;br&gt;var marker = L.marker(&lt;br&gt;    [0,0],&lt;br&gt;    marker_options&lt;br&gt;);&lt;br&gt;var is_image = map.is_image_map;&lt;br&gt;    marker.setLatLng( map.getCenter() );&lt;br&gt;if (marker_options.draggable) {&lt;br&gt;    marker.on(&#039;dragend&#039;, function () {&lt;br&gt;        var latlng = this.getLatLng();&lt;br&gt;        var lat = latlng.lat;&lt;br&gt;        var lng = latlng.lng;&lt;br&gt;        if (is_image) {&lt;br&gt;            console.log(&#039;leaflet-marker y=&#039; + lat + &#039; x=&#039; + lng);&lt;br&gt;        } else {&lt;br&gt;            console.log(&#039;leaflet-marker lat=&#039; + lat + &#039; lng=&#039; + lng);&lt;br&gt;        }&lt;br&gt;    });&lt;br&gt;}&lt;br&gt;marker.addTo( group );&lt;br&gt;window.WPLeafletMapPlugin.markers.push( marker );&lt;br&gt;        });Calle Somera, 5 &#8211; 2\u00b0, 28023 Madrid (Spain) '));window.WPLeafletMapPlugin.markers.push( marker );\n        });<\/script><br \/>\n<script>\nwindow.WPLeafletMapPlugin = window.WPLeafletMapPlugin || [];\nwindow.WPLeafletMapPlugin.push(function WPLeafletMarkerShortcode() {\/*<script>*\/\nvar map = window.WPLeafletMapPlugin.getCurrentMap();\nvar group = window.WPLeafletMapPlugin.getCurrentGroup();\nvar marker_options = window.WPLeafletMapPlugin.getIconOptions({});\nvar marker = L.marker(\n    [43.364813736516,-5.8502840995789],\n    marker_options\n);\nvar is_image = map.is_image_map;\nif (marker_options.draggable) {\n    marker.on('dragend', function () {\n        var latlng = this.getLatLng();\n        var lat = latlng.lat;\n        var lng = latlng.lng;\n        if (is_image) {\n            console.log('leaflet-marker y=' + lat + ' x=' + lng);\n        } else {\n            console.log('leaflet-marker lat=' + lat + ' lng=' + lng);\n        }\n    });\n}\nmarker.addTo( group );\nmarker.bindPopup(window.WPLeafletMapPlugin.unescape('&lt;br \/&gt;&lt;br&gt;&lt;br&gt;window.WPLeafletMapPlugin = window.WPLeafletMapPlugin || [];&lt;br&gt;window.WPLeafletMapPlugin.push(function WPLeafletMarkerShortcode() {\/**\/&lt;br&gt;var map = window.WPLeafletMapPlugin.getCurrentMap();&lt;br&gt;var group = window.WPLeafletMapPlugin.getCurrentGroup();&lt;br&gt;var marker_options = window.WPLeafletMapPlugin.getIconOptions({});&lt;br&gt;var marker = L.marker(&lt;br&gt;    [0,0],&lt;br&gt;    marker_options&lt;br&gt;);&lt;br&gt;var is_image = map.is_image_map;&lt;br&gt;    marker.setLatLng( map.getCenter() );&lt;br&gt;if (marker_options.draggable) {&lt;br&gt;    marker.on(&#039;dragend&#039;, function () {&lt;br&gt;        var latlng = this.getLatLng();&lt;br&gt;        var lat = latlng.lat;&lt;br&gt;        var lng = latlng.lng;&lt;br&gt;        if (is_image) {&lt;br&gt;            console.log(&#039;leaflet-marker y=&#039; + lat + &#039; x=&#039; + lng);&lt;br&gt;        } else {&lt;br&gt;            console.log(&#039;leaflet-marker lat=&#039; + lat + &#039; lng=&#039; + lng);&lt;br&gt;        }&lt;br&gt;    });&lt;br&gt;}&lt;br&gt;marker.addTo( group );&lt;br&gt;window.WPLeafletMapPlugin.markers.push( marker );&lt;br&gt;        });C. Melquiades \u00c1lvarez, 6, 33002 Oviedo, Asturias '));window.WPLeafletMapPlugin.markers.push( marker );\n        });<\/script><\/p>\n\n\n\n<div class=\"wp-block-uagb-advanced-heading uagb-block-bcf170a6\"><div class=\"uagb-heading-text\">Correo electr\u00f3nico<\/div><p class=\"uagb-desc-text\"><a href=\"mailto:info@fivenuo.com\">info@fivenuo.com<\/a><\/p><\/div>\n<\/div>\n<\/div>\n\n\n\n<div class=\"wp-block-uagb-container uagb-block-08eea032\"><style id=\"wpforms-css-vars-1772\">\n\t\t\t\t#wpforms-1772 {\n\t\t\t\t\n\t\t\t}\n\t\t\t<\/style><div class=\"wpforms-container wpforms-container-full wpforms-render-modern\" id=\"wpforms-1772\"><form id=\"wpforms-form-1772\" class=\"wpforms-validate wpforms-form wpforms-ajax-form\" data-formid=\"1772\" method=\"post\" enctype=\"multipart\/form-data\" action=\"\/en\/wp-json\/wp\/v2\/pages\/228\" data-token=\"0ff1b24a159907fa26c7e915091a6320\" data-token-time=\"1777654946\"><noscript class=\"wpforms-error-noscript\">Please enable JavaScript in your browser to complete this form.<\/noscript><div id=\"wpforms-error-noscript\" style=\"display: none;\">Please enable JavaScript in your browser to complete this form.<\/div><div class=\"wpforms-field-container\"><div id=\"wpforms-1772-field_1-container\" class=\"wpforms-field wpforms-field-name\" data-field-id=\"1\"><fieldset><legend class=\"wpforms-field-label\">Nombre <span class=\"wpforms-required-label\" aria-hidden=\"true\">*<\/span><\/legend><div class=\"wpforms-field-row wpforms-field-medium\"><div class=\"wpforms-field-row-block wpforms-first wpforms-one-half\"><input type=\"text\" id=\"wpforms-1772-field_1\" class=\"wpforms-field-name-first wpforms-field-required\" name=\"wpforms[fields][1][first]\" aria-errormessage=\"wpforms-1772-field_1-error\" required><label for=\"wpforms-1772-field_1\" class=\"wpforms-field-sublabel after\">First<\/label><\/div><div class=\"wpforms-field-row-block wpforms-one-half\"><input type=\"text\" id=\"wpforms-1772-field_1-last\" class=\"wpforms-field-name-last wpforms-field-required\" name=\"wpforms[fields][1][last]\" aria-errormessage=\"wpforms-1772-field_1-last-error\" required><label for=\"wpforms-1772-field_1-last\" class=\"wpforms-field-sublabel after\">Last<\/label><\/div><\/div><\/fieldset><\/div>\t\t<div id=\"wpforms-1772-field_4-container\"\n\t\t\tclass=\"wpforms-field wpforms-field-text\"\n\t\t\tdata-field-type=\"text\"\n\t\t\tdata-field-id=\"4\"\n\t\t\t>\n\t\t\t<label class=\"wpforms-field-label\" for=\"wpforms-1772-field_4\" >electr\u00f3nico Nombre Comentario<\/label>\n\t\t\t<input type=\"text\" id=\"wpforms-1772-field_4\" class=\"wpforms-field-medium\" name=\"wpforms[fields][4]\" >\n\t\t<\/div>\n\t\t<div id=\"wpforms-1772-field_2-container\" class=\"wpforms-field wpforms-field-email\" data-field-id=\"2\"><label class=\"wpforms-field-label\" for=\"wpforms-1772-field_2\">Correo electr\u00f3nico <span class=\"wpforms-required-label\" aria-hidden=\"true\">*<\/span><\/label><input type=\"email\" id=\"wpforms-1772-field_2\" class=\"wpforms-field-medium wpforms-field-required\" name=\"wpforms[fields][2]\" spellcheck=\"false\" aria-errormessage=\"wpforms-1772-field_2-error\" required><\/div><div id=\"wpforms-1772-field_3-container\" class=\"wpforms-field wpforms-field-textarea\" data-field-id=\"3\"><label class=\"wpforms-field-label\" for=\"wpforms-1772-field_3\">Comentario o mensaje<\/label><textarea id=\"wpforms-1772-field_3\" class=\"wpforms-field-medium\" name=\"wpforms[fields][3]\" aria-errormessage=\"wpforms-1772-field_3-error\" ><\/textarea><\/div><script>\n\t\t\t\t( function() {\n\t\t\t\t\tconst style = document.createElement( 'style' );\n\t\t\t\t\tstyle.appendChild( document.createTextNode( '#wpforms-1772-field_4-container { position: absolute !important; overflow: hidden !important; display: inline !important; height: 1px !important; width: 1px !important; z-index: -1000 !important; padding: 0 !important; } #wpforms-1772-field_4-container input { visibility: hidden; } #wpforms-conversational-form-page #wpforms-1772-field_4-container label { counter-increment: none; }' ) );\n\t\t\t\t\tdocument.head.appendChild( style );\n\t\t\t\t\tdocument.currentScript?.remove();\n\t\t\t\t} )();\n\t\t\t<\/script><\/div><!-- .wpforms-field-container --><div class=\"wpforms-submit-container\" ><input type=\"hidden\" name=\"wpforms[id]\" value=\"1772\"><input type=\"hidden\" name=\"page_title\" value=\"\"><input type=\"hidden\" name=\"page_url\" value=\"https:\/\/www.fivenuo.com\/en\/wp-json\/wp\/v2\/pages\/228\"><input type=\"hidden\" name=\"url_referer\" value=\"\"><button type=\"submit\" name=\"wpforms[submit]\" id=\"wpforms-submit-1772\" class=\"wpforms-submit\" data-alt-text=\"Enviando...\" data-submit-text=\"Enviar\" aria-live=\"assertive\" value=\"wpforms-submit\">Enviar<\/button><img loading=\"lazy\" decoding=\"async\" src=\"https:\/\/www.fivenuo.com\/wp-content\/plugins\/wpforms-lite\/assets\/images\/submit-spin.svg\" class=\"wpforms-submit-spinner\" style=\"display: none;\" width=\"26\" height=\"26\" alt=\"Loading\"><\/div><\/form><\/div>  <!-- .wpforms-container -->\n<\/div>\n<\/div><\/div>\n\n\n\n<footer class=\"wp-block-uagb-container Height uagb-block-c84325e4 alignfull uagb-is-root-container\"><div class=\"uagb-container-inner-blocks-wrap\">\n<div class=\"wp-block-columns is-layout-flex wp-container-core-columns-is-layout-28f84493 wp-block-columns-is-layout-flex\">\n<div class=\"wp-block-column is-layout-flow wp-block-column-is-layout-flow\" style=\"flex-basis:100%\">\n<div class=\"wp-block-uagb-image uagb-block-2654508d wp-block-uagb-image--layout-default wp-block-uagb-image--effect-static wp-block-uagb-image--align-none\"><figure class=\"wp-block-uagb-image__figure\"><img decoding=\"async\" srcset=\"https:\/\/www.fivenuo.com\/wp-content\/uploads\/2025\/04\/Logo-Vectorizado-Five-Nuo_Def_Sin-fondo-1024x200.png ,https:\/\/www.fivenuo.com\/wp-content\/uploads\/2025\/04\/Logo-Vectorizado-Five-Nuo_Def_Sin-fondo.png 780w, https:\/\/www.fivenuo.com\/wp-content\/uploads\/2025\/04\/Logo-Vectorizado-Five-Nuo_Def_Sin-fondo-300x58.png 360w\" sizes=\"auto, (max-width: 480px) 150px\" src=\"https:\/\/www.fivenuo.com\/wp-content\/uploads\/2025\/04\/Logo-Vectorizado-Five-Nuo_Def_Sin-fondo-1024x200.png\" alt=\"\" class=\"uag-image-1671\" width=\"200\" height=\"200\" title=\"Logo Vectorizado Five Nuo_Def_Sin fondo\" loading=\"lazy\" role=\"img\"\/><\/figure><\/div>\n\n\n\n<div class=\"wp-block-uagb-icon-list uagb-block-5d260aad\"><div class=\"uagb-icon-list__wrap\">\n<div class=\"wp-block-uagb-icon-list-child uagb-block-a260ed14\"><a target=\"_self\" aria-label=\"List item\" rel=\"noopener noreferrer\" href=\"#\"> <\/a><span class=\"uagb-icon-list__source-wrap\"><svg xmlns=\"https:\/\/www.w3.org\/2000\/svg\" viewBox=\"0 0 448 512\"><path d=\"M416 32H31.9C14.3 32 0 46.5 0 64.3v383.4C0 465.5 14.3 480 31.9 480H416c17.6 0 32-14.5 32-32.3V64.3c0-17.8-14.4-32.3-32-32.3zM135.4 416H69V202.2h66.5V416zm-33.2-243c-21.3 0-38.5-17.3-38.5-38.5S80.9 96 102.2 96c21.2 0 38.5 17.3 38.5 38.5 0 21.3-17.2 38.5-38.5 38.5zm282.1 243h-66.4V312c0-24.8-.5-56.7-34.5-56.7-34.6 0-39.9 27-39.9 54.9V416h-66.4V202.2h63.7v29.2h.9c8.9-16.8 30.6-34.5 62.9-34.5 67.2 0 79.7 44.3 79.7 101.9V416z\"><\/path><\/svg><\/span><\/div>\n<\/div><\/div>\n<\/div>\n<\/div>\n<\/div><\/footer>\n","protected":false},"excerpt":{"rendered":"<p>Cont\u00e1ctanos Direcci\u00f3n Correo electr\u00f3nico info@fivenuo.com<\/p>","protected":false},"author":1,"featured_media":0,"parent":0,"menu_order":0,"comment_status":"closed","ping_status":"closed","template":"","meta":{"_uag_custom_page_level_css":"","site-sidebar-layout":"default","site-content-layout":"","ast-site-content-layout":"default","site-content-style":"default","site-sidebar-style":"default","ast-global-header-display":"","ast-banner-title-visibility":"","ast-main-header-display":"","ast-hfb-above-header-display":"","ast-hfb-below-header-display":"","ast-hfb-mobile-header-display":"","site-post-title":"disabled","ast-breadcrumbs-content":"","ast-featured-img":"","footer-sml-layout":"","ast-disable-related-posts":"","theme-transparent-header-meta":"enabled","adv-header-id-meta":"","stick-header-meta":"","header-above-stick-meta":"","header-main-stick-meta":"","header-below-stick-meta":"","astra-migrate-meta-layouts":"set","ast-page-background-enabled":"default","ast-page-background-meta":{"desktop":{"background-color":"var(--ast-global-color-4)","background-image":"","background-repeat":"repeat","background-position":"center center","background-size":"auto","background-attachment":"scroll","background-type":"","background-media":"","overlay-type":"","overlay-color":"","overlay-opacity":"","overlay-gradient":""},"tablet":{"background-color":"","background-image":"","background-repeat":"repeat","background-position":"center center","background-size":"auto","background-attachment":"scroll","background-type":"","background-media":"","overlay-type":"","overlay-color":"","overlay-opacity":"","overlay-gradient":""},"mobile":{"background-color":"","background-image":"","background-repeat":"repeat","background-position":"center center","background-size":"auto","background-attachment":"scroll","background-type":"","background-media":"","overlay-type":"","overlay-color":"","overlay-opacity":"","overlay-gradient":""}},"ast-content-background-meta":{"desktop":{"background-color":"var(--ast-global-color-5)","background-image":"","background-repeat":"repeat","background-position":"center center","background-size":"auto","background-attachment":"scroll","background-type":"","background-media":"","overlay-type":"","overlay-color":"","overlay-opacity":"","overlay-gradient":""},"tablet":{"background-color":"var(--ast-global-color-5)","background-image":"","background-repeat":"repeat","background-position":"center center","background-size":"auto","background-attachment":"scroll","background-type":"","background-media":"","overlay-type":"","overlay-color":"","overlay-opacity":"","overlay-gradient":""},"mobile":{"background-color":"var(--ast-global-color-5)","background-image":"","background-repeat":"repeat","background-position":"center center","background-size":"auto","background-attachment":"scroll","background-type":"","background-media":"","overlay-type":"","overlay-color":"","overlay-opacity":"","overlay-gradient":""}},"footnotes":""},"class_list":["post-228","page","type-page","status-publish","hentry"],"uagb_featured_image_src":{"full":false,"thumbnail":false,"medium":false,"medium_large":false,"large":false,"1536x1536":false,"2048x2048":false,"trp-custom-language-flag":false},"uagb_author_info":{"display_name":"admin","author_link":"https:\/\/www.fivenuo.com\/en\/author\/admin\/"},"uagb_comment_info":0,"uagb_excerpt":"Cont\u00e1ctanos Direcci\u00f3n Correo electr\u00f3nico info@fivenuo.com","_links":{"self":[{"href":"https:\/\/www.fivenuo.com\/en\/wp-json\/wp\/v2\/pages\/228","targetHints":{"allow":["GET"]}}],"collection":[{"href":"https:\/\/www.fivenuo.com\/en\/wp-json\/wp\/v2\/pages"}],"about":[{"href":"https:\/\/www.fivenuo.com\/en\/wp-json\/wp\/v2\/types\/page"}],"author":[{"embeddable":true,"href":"https:\/\/www.fivenuo.com\/en\/wp-json\/wp\/v2\/users\/1"}],"replies":[{"embeddable":true,"href":"https:\/\/www.fivenuo.com\/en\/wp-json\/wp\/v2\/comments?post=228"}],"version-history":[{"count":23,"href":"https:\/\/www.fivenuo.com\/en\/wp-json\/wp\/v2\/pages\/228\/revisions"}],"predecessor-version":[{"id":1852,"href":"https:\/\/www.fivenuo.com\/en\/wp-json\/wp\/v2\/pages\/228\/revisions\/1852"}],"wp:attachment":[{"href":"https:\/\/www.fivenuo.com\/en\/wp-json\/wp\/v2\/media?parent=228"}],"curies":[{"name":"wp","href":"https:\/\/api.w.org\/{rel}","templated":true}]}}